{"id":7402,"date":"2018-05-25T10:18:59","date_gmt":"2018-05-25T08:18:59","guid":{"rendered":"https:\/\/weltwaldwiesen.de\/weichenstellen\/?page_id=7402"},"modified":"2018-06-05T09:57:20","modified_gmt":"2018-06-05T07:57:20","slug":"datenschutzerklaerung","status":"publish","type":"page","link":"https:\/\/www.weltwaldwiesen.de\/weichenstellen\/datenschutzerklaerung\/","title":{"rendered":"Datenschutzerkl\u00e4rung"},"content":{"rendered":"<p>Wir freuen uns sehr \u00fcber Ihr Interesse an meiner Seite. Datenschutz hat bei\u00a0mir einen hohen Stellenwert. Aus diesem Grund behandel ich Ihre personenbezogenen Daten vertraulich und entsprechend der gesetzlichen Vorschriften.<\/p>\n<p>Bedenken Sie trotzdem, dass Daten\u00fcbertragungen im Internet grunds\u00e4tzlich Sicherheitsl\u00fccken haben k\u00f6nnen und ein vollst\u00e4ndiger Schutz vor Fremdzugriff nicht realisierbar ist.<\/p>\n<p>Die Erkl\u00e4rung soll die Nutzer der Website gem\u00e4\u00df geltendem Bundesdatenschutzgesetz und EU-Datenschutzgrundverordnung \u00fcber die Art, den Umfang und den Zweck der Erhebung und Verwendung personenbezogener Daten durch uns als den Website-Betreiber informieren. Ferner m\u00f6chten wir Sie \u00fcber die Ihnen als Nutzer zustehenden Rechte aufkl\u00e4ren.<\/p>\n<p>Eine Nutzung der Internetseiten der Praxis ist grunds\u00e4tzlich ohne jede Angabe personenbezogener Daten m\u00f6glich. Cookies werden nicht verwendet.<\/p>\n<p>Nur wenn Sie uns personenbezogene Daten freiwillig und aktiv zur Verf\u00fcgung stellen (z.B. Namen,\u00a0 Anschrift, E-Mail-Adresse, Geburtsdatum oder Telefonnummer), erfolgt die Weiterverarbeitung und Speicherung im Einklang mit dem geltenden Datenschutzrecht.<\/p>\n<p>Ich\u00a0bem\u00fche mich, ihre personenbezogenen Daten durch technische und organisatorische M\u00f6glichkeiten so zu speichern, dass sie f\u00fcr Dritte nicht zug\u00e4nglich sind. Bei der Kommunikation per Email kann die vollst\u00e4ndige Datensicherheit nicht von mir garantiert werden. Daher empfehle ich Ihnen dringend, vertrauliche Informationen \u00fcber den Postweg oder telefonisch zu \u00fcbermitteln.<\/p>\n<p>Auf Ihre schriftliche Anfrage informiere ich Sie gerne \u00fcber die zu Ihrer Person gespeicherten Daten. Falls Ihr Wunsch nicht mit einer gesetzlichen Pflicht zur Aufbewahrung von Daten kollidiert, haben Sie das Recht auf Korrektur falscher Daten, sowie auf Sperrung oder L\u00f6schung Ihrer personenbezogenen Daten. Es besteht weiterhin das Recht, eine Einwilligung zur Verarbeitung personenbezogener Daten jederzeit zu widerrufen.<\/p>\n<p>Die Verantwortliche im Sinne der EU-Datenschutz-Grundverordnung und des Bundesdatenschutzgesetze ist:<\/p>\n<p><strong>Jan-Peter Wilckens, Berlinger Str. 4, D-49179 Ostercappeln-Niewedde, <\/strong><br \/>\nTEL:<strong> 05476-919317\u00a0\/ <\/strong>MAIL:<strong> jp-wilckens@t-online.de<\/strong><\/p>\n<p>M\u00f6chte eine betroffene Person dieses Auskunftsrecht in Anspruch nehmen, kann sie sich hierzu jederzeit an meinen Datenschutzbeauftragten Verarbeitung Verantwortlichen wenden.<\/p>\n","protected":false},"excerpt":{"rendered":"<p>Wir freuen uns sehr \u00fcber Ihr Interesse an meiner Seite. Datenschutz hat bei\u00a0mir einen hohen Stellenwert. Aus diesem Grund behandel ich Ihre personenbezogenen Daten vertraulich und entsprechend der gesetzlichen Vorschriften. Bedenken Sie trotzdem, dass Daten\u00fcbertragungen im Internet grunds\u00e4tzlich Sicherheitsl\u00fccken haben k\u00f6nnen und ein vollst\u00e4ndiger Schutz vor Fremdzugriff nicht realisierbar ist. Die Erkl\u00e4rung soll die Nutzer\u2026 <span class=\"read-more\"><a href=\"https:\/\/www.weltwaldwiesen.de\/weichenstellen\/datenschutzerklaerung\/\">Weiterlesen &raquo;<\/a><\/span><\/p>\n","protected":false},"author":2,"featured_media":0,"parent":0,"menu_order":0,"comment_status":"closed","ping_status":"closed","template":"page-templates\/full-width.php","meta":{"spay_email":""},"jetpack_shortlink":"https:\/\/wp.me\/P3UvYh-1Vo","jetpack_sharing_enabled":true,"_links":{"self":[{"href":"https:\/\/www.weltwaldwiesen.de\/weichenstellen\/wp-json\/wp\/v2\/pages\/7402"}],"collection":[{"href":"https:\/\/www.weltwaldwiesen.de\/weichenstellen\/wp-json\/wp\/v2\/pages"}],"about":[{"href":"https:\/\/www.weltwaldwiesen.de\/weichenstellen\/wp-json\/wp\/v2\/types\/page"}],"author":[{"embeddable":true,"href":"https:\/\/www.weltwaldwiesen.de\/weichenstellen\/wp-json\/wp\/v2\/users\/2"}],"replies":[{"embeddable":true,"href":"https:\/\/www.weltwaldwiesen.de\/weichenstellen\/wp-json\/wp\/v2\/comments?post=7402"}],"version-history":[{"count":7,"href":"https:\/\/www.weltwaldwiesen.de\/weichenstellen\/wp-json\/wp\/v2\/pages\/7402\/revisions"}],"predecessor-version":[{"id":7445,"href":"https:\/\/www.weltwaldwiesen.de\/weichenstellen\/wp-json\/wp\/v2\/pages\/7402\/revisions\/7445"}],"wp:attachment":[{"href":"https:\/\/www.weltwaldwiesen.de\/weichenstellen\/wp-json\/wp\/v2\/media?parent=7402"}],"curies":[{"name":"wp","href":"https:\/\/api.w.org\/{rel}","templated":true}]}}