{"id":452,"date":"2013-10-03T13:14:47","date_gmt":"2013-10-03T11:14:47","guid":{"rendered":"https:\/\/weltwaldwiesen.de\/weichenstellen\/?page_id=452"},"modified":"2023-05-25T20:31:06","modified_gmt":"2023-05-25T18:31:06","slug":"mein-buch","status":"publish","type":"page","link":"https:\/\/www.weltwaldwiesen.de\/weichenstellen\/mein-selbstverstaendnis\/wer-bin-ich\/mein-buch\/","title":{"rendered":"Bestellung: DER SIEBTE TAG &#8211; GEGENGESUCHT"},"content":{"rendered":"<p><span style=\"font-family: verdana,geneva; font-size: large;\"><b>Zum Buch<\/b><\/span><\/p>\n<p align=\"left\"><span style=\"font-family: Verdana; font-size: medium;\">Mit dem &#8222;Siebten Tag&#8220; beschreibt der Autor r\u00fcckblickend &#8222;sechs Tage&#8220; des Lebens.<\/span><\/p>\n<p align=\"left\"><span style=\"font-family: Verdana; font-size: medium;\">In acht Reifeschritten vollzieht sich f\u00fcr\u00a0<i>Nikon<\/i>\u00a0die Suche gegen Vorgegebenes, um am Ende zu h\u00f6ren: Und morgen wirst du Vertrautes wieder verlassen k\u00f6nnen &#8230;<\/span><\/p>\n<p align=\"left\"><span style=\"font-size: medium;\"><span style=\"font-family: Verdana;\">Ein Buch, das auch zur Reflexion des eigenen Weges anregen m\u00f6chte. Biblische Erz\u00e4hlungen, Lebensberichte von Suchtmittelabh\u00e4ngigen und Fotos aus dem Fundus des Autors sind kl\u00e4rend und erkl\u00e4rend einbezogen. Sie bereichern das Anliegen.\u00a0\u00a0<\/span><span style=\"font-family: Verdana; font-size: small;\">Text auf der R\u00fcckseite des Buches<\/span><\/span><\/p>\n<hr \/>\n<p align=\"left\"><span style=\"font-family: Verdana; font-size: medium;\"><i>Immer wieder stie\u00df ich auf das gro\u00dfe Potential an Kr\u00e4ften, das durch Abh\u00e4ngigkeit und Sucht gebunden ist, andererseits auf die Erkenntnis, welche M\u00f6glichkeiten der Lebensgestaltung in diesem Kr\u00e4ftepotential enthalten sind, wenn es verf\u00fcgbar wird. Diesen Aspekt nimmt der<\/i><i>Untertitel<\/i>\u00a0&#8222;<b>Gegenge<i>sucht<\/i><\/b>&#8220;\u00a0<i>auf und beschreibt den Weg, Kr\u00e4fte f\u00fcr die Lebensgestaltung freizusetzen. Es ist\u00a0\u00a0die Beschreibung des Prozesses von Autonomie und Bindung gegen den Stillstand von Fremdbestimmung und Abh\u00e4ngigkeit.<\/i><\/span><\/p>\n<p><span style=\"font-family: Verdana; font-size: medium;\"><i>Der Titel\u00a0<\/i>&#8222;<b>Der siebte Tag<\/b>&#8222;<i>\u00a0bezieht sich auf die Erkenntnis, dass wir\u00a0einen Rhythmus brauchen, um Gelebtes zu betrachten, zu ordnen und zu bew\u00e4ltigen. Aus der biblischen Mythologie kennen wir die &#8222;Sieben-Tage-Ordnung&#8220;. Aus dem Chaos erw\u00e4chst eine Ordnung. &#8222;<\/i>Am siebten Tag ruhte Gott und sah an alles, was er geschaffen hatte &#8211; und siehe, es war sehr gut<i>&#8220; ist uns als Metapher \u00fcberliefert, die verdeutlicht, dass wir diesen &#8222;siebten Tag&#8220; f\u00fcr unsere innere Ordnung brauchen, um Leben an den &#8222;sechs Tagen&#8220; zu bew\u00e4ltigen.<\/i><\/span> <span style=\"font-size: medium;\"><i><span style=\"font-family: Verdana;\">Dieses Buch veranschaulicht mit dem &#8222;siebten Tag&#8220;, die Reifeschritte des Lebens zu betrachten, zu deuten, zu ordnen. Im Bild der biblischen Mythologie steht als Ordnungs-Faktor an erster Stelle die &#8222;Trennung von Licht und Finsternis&#8220;. Manchmal habe ich daran denken m\u00fcssen, denn betrachtend geht es darum, Licht- und Schattenseiten zu\u00a0\u00a0&#8222;trennen&#8220;, sie aber dennoch Bestandteil des Ganzen sein zu lassen.<\/span><\/i><\/span><\/p>\n<p align=\"left\"><span style=\"font-family: Verdana; font-size: medium;\"><i>Die Reife-Schritte sind in den Kapitel-\u00dcberschriften &#8222;Aufbruch&#8220;, &#8222;Unterwegs&#8220;, &#8222;Innehalten&#8220;, &#8222;Kontakt&#8220;, &#8222;Solidarit\u00e4t&#8220;, &#8222;Bereitschaft&#8220;, &#8222;Wagnis&#8220;, &#8222;Heimkehr&#8220;, beschrieben.\u00a0\u00a0<\/i>\u00a0\u00a0\u00a0\u00a0\u00a0\u00a0\u00a0\u00a0\u00a0\u00a0\u00a0\u00a0\u00a0\u00a0\u00a0\u00a0\u00a0\u00a0\u00a0\u00a0\u00a0\u00a0\u00a0\u00a0\u00a0\u00a0\u00a0\u00a0<\/span><\/p>\n<p align=\"left\"><span style=\"font-family: Verdana; font-size: small;\">Aus dem Vorwort <\/span><\/p>\n<hr \/>\n<p><span style=\"font-family: Verdana; font-size: medium;\">Das Buch hat 110 Seiten und ist im Vier-Farb-Druck hergestellt. Es kostet 11.50 Euro (Selbstkostenpreis) einschlie\u00dflich Porto und Verpackung.<\/span> <span style=\"font-size: small;\"><br \/>\n<a href=\"https:\/\/weltwaldwiesen.de\/weichenstellen\/buchtipp-der-siebte-tag-gegengesucht\/\"><strong><span style=\"font-family: verdana,geneva,sans-serif; font-size: 14pt;\">Rezension und &#8218;Stimmen&#8216;<\/span><\/strong><\/a><br \/>\n<\/span><\/p>\n<hr \/>\n<p><span style=\"font-size: x-large;\">Bestellen<\/span><\/p>\n<hr \/>\n<div role=\"form\" class=\"wpcf7\" id=\"wpcf7-f451-o1\" lang=\"de-DE\" dir=\"ltr\">\n<div class=\"screen-reader-response\"><p role=\"status\" aria-live=\"polite\" aria-atomic=\"true\"><\/p> <ul><\/ul><\/div>\n<form action=\"\/weichenstellen\/wp-json\/wp\/v2\/pages\/452#wpcf7-f451-o1\" method=\"post\" class=\"wpcf7-form init\" novalidate=\"novalidate\" data-status=\"init\">\n<div style=\"display: none;\">\n<input type=\"hidden\" name=\"_wpcf7\" value=\"451\" \/>\n<input type=\"hidden\" name=\"_wpcf7_version\" value=\"5.5.2\" \/>\n<input type=\"hidden\" name=\"_wpcf7_locale\" value=\"de_DE\" \/>\n<input type=\"hidden\" name=\"_wpcf7_unit_tag\" value=\"wpcf7-f451-o1\" \/>\n<input type=\"hidden\" name=\"_wpcf7_container_post\" value=\"0\" \/>\n<input type=\"hidden\" name=\"_wpcf7_posted_data_hash\" value=\"\" \/>\n<\/div>\n<p>Ihr Nachamename (Pflichtfeld)<br \/>\n    <span class=\"wpcf7-form-control-wrap Nachname\"><input type=\"text\" name=\"Nachname\" value=\"\" size=\"40\" class=\"wpcf7-form-control wpcf7-text wpcf7-validates-as-required\" aria-required=\"true\" aria-invalid=\"false\" \/><\/span> <\/p>\n<p>Ihr Vorname (Pflichtfeld)<br \/>\n    <span class=\"wpcf7-form-control-wrap Vorname\"><input type=\"text\" name=\"Vorname\" value=\"\" size=\"40\" class=\"wpcf7-form-control wpcf7-text wpcf7-validates-as-required\" aria-required=\"true\" aria-invalid=\"false\" \/><\/span> <\/p>\n<p>Ihre Email-Adresse (Pflichtfeld)<br \/>\n    <span class=\"wpcf7-form-control-wrap Email\"><input type=\"email\" name=\"Email\" value=\"\" size=\"40\" class=\"wpcf7-form-control wpcf7-text wpcf7-email wpcf7-validates-as-required wpcf7-validates-as-email\" aria-required=\"true\" aria-invalid=\"false\" \/><\/span> <\/p>\n<p>Ihre Strasse (Pflichtfeld)<br \/>\n    <span class=\"wpcf7-form-control-wrap Strasse\"><input type=\"text\" name=\"Strasse\" value=\"\" size=\"40\" class=\"wpcf7-form-control wpcf7-text wpcf7-validates-as-required\" aria-required=\"true\" aria-invalid=\"false\" \/><\/span> <\/p>\n<p>Ihre Hausnummer (Pflichtfeld)<br \/>\n    <span class=\"wpcf7-form-control-wrap Hausnummer\"><input type=\"text\" name=\"Hausnummer\" value=\"\" size=\"40\" class=\"wpcf7-form-control wpcf7-text wpcf7-validates-as-required\" aria-required=\"true\" aria-invalid=\"false\" \/><\/span> <\/p>\n<p>Ihre PLZ (Pflichtfeld)<br \/>\n    <span class=\"wpcf7-form-control-wrap PLZ\"><input type=\"text\" name=\"PLZ\" value=\"\" size=\"40\" class=\"wpcf7-form-control wpcf7-text wpcf7-validates-as-required\" aria-required=\"true\" aria-invalid=\"false\" \/><\/span> <\/p>\n<p>Ihr Ort (Pflichtfeld)<br \/>\n    <span class=\"wpcf7-form-control-wrap Ort\"><input type=\"text\" name=\"Ort\" value=\"\" size=\"40\" class=\"wpcf7-form-control wpcf7-text wpcf7-validates-as-required\" aria-required=\"true\" aria-invalid=\"false\" \/><\/span> <\/p>\n<p>Ihre Telefonnummer<br \/>\n    <span class=\"wpcf7-form-control-wrap Telefon\"><input type=\"text\" name=\"Telefon\" value=\"\" size=\"40\" class=\"wpcf7-form-control wpcf7-text\" aria-invalid=\"false\" \/><\/span> <\/p>\n<p>Wie viele Exemplare? (Pflichtfeld)<br \/>\n   <span class=\"wpcf7-form-control-wrap Anzahl\"><input type=\"number\" name=\"Anzahl\" value=\"1\" class=\"wpcf7-form-control wpcf7-number wpcf7-validates-as-required wpcf7-validates-as-number\" aria-required=\"true\" aria-invalid=\"false\" \/><\/span> <\/p>\n<p>Ihre Nachricht<br \/>\n    <span class=\"wpcf7-form-control-wrap Nachricht\"><textarea name=\"Nachricht\" cols=\"40\" rows=\"10\" class=\"wpcf7-form-control wpcf7-textarea\" aria-invalid=\"false\"><\/textarea><\/span> <\/p>\n<p>Bestellung nicht mehr m\u00f6glich<\/p>\n<div class=\"wpcf7-response-output\" aria-hidden=\"true\"><\/div><\/form><\/div>\n","protected":false},"excerpt":{"rendered":"<p>Zum Buch Mit dem &#8222;Siebten Tag&#8220; beschreibt der Autor r\u00fcckblickend &#8222;sechs Tage&#8220; des Lebens. In acht Reifeschritten vollzieht sich f\u00fcr\u00a0Nikon\u00a0die Suche gegen Vorgegebenes, um am Ende zu h\u00f6ren: Und morgen wirst du Vertrautes wieder verlassen k\u00f6nnen &#8230; Ein Buch, das auch zur Reflexion des eigenen Weges anregen m\u00f6chte. Biblische Erz\u00e4hlungen, Lebensberichte von Suchtmittelabh\u00e4ngigen und Fotos\u2026 <span class=\"read-more\"><a href=\"https:\/\/www.weltwaldwiesen.de\/weichenstellen\/mein-selbstverstaendnis\/wer-bin-ich\/mein-buch\/\">Weiterlesen &raquo;<\/a><\/span><\/p>\n","protected":false},"author":1,"featured_media":0,"parent":124,"menu_order":4,"comment_status":"closed","ping_status":"closed","template":"page-templates\/full-width.php","meta":{"spay_email":""},"jetpack_shortlink":"https:\/\/wp.me\/P3UvYh-7i","jetpack_sharing_enabled":true,"_links":{"self":[{"href":"https:\/\/www.weltwaldwiesen.de\/weichenstellen\/wp-json\/wp\/v2\/pages\/452"}],"collection":[{"href":"https:\/\/www.weltwaldwiesen.de\/weichenstellen\/wp-json\/wp\/v2\/pages"}],"about":[{"href":"https:\/\/www.weltwaldwiesen.de\/weichenstellen\/wp-json\/wp\/v2\/types\/page"}],"author":[{"embeddable":true,"href":"https:\/\/www.weltwaldwiesen.de\/weichenstellen\/wp-json\/wp\/v2\/users\/1"}],"replies":[{"embeddable":true,"href":"https:\/\/www.weltwaldwiesen.de\/weichenstellen\/wp-json\/wp\/v2\/comments?post=452"}],"version-history":[{"count":1,"href":"https:\/\/www.weltwaldwiesen.de\/weichenstellen\/wp-json\/wp\/v2\/pages\/452\/revisions"}],"predecessor-version":[{"id":6402,"href":"https:\/\/www.weltwaldwiesen.de\/weichenstellen\/wp-json\/wp\/v2\/pages\/452\/revisions\/6402"}],"up":[{"embeddable":true,"href":"https:\/\/www.weltwaldwiesen.de\/weichenstellen\/wp-json\/wp\/v2\/pages\/124"}],"wp:attachment":[{"href":"https:\/\/www.weltwaldwiesen.de\/weichenstellen\/wp-json\/wp\/v2\/media?parent=452"}],"curies":[{"name":"wp","href":"https:\/\/api.w.org\/{rel}","templated":true}]}}