{"id":296,"date":"2013-09-21T23:57:15","date_gmt":"2013-09-21T21:57:15","guid":{"rendered":"https:\/\/weltwaldwiesen.de\/weichenstellen\/?page_id=296"},"modified":"2022-01-12T21:55:38","modified_gmt":"2022-01-12T20:55:38","slug":"mein-selbstverstaendnis","status":"publish","type":"page","link":"https:\/\/www.weltwaldwiesen.de\/weichenstellen\/mein-selbstverstaendnis\/","title":{"rendered":"Mein Selbstverst\u00e4ndnis"},"content":{"rendered":"<h2 style=\"text-align: center;\"><span style=\"color: #33cccc;\"><a href=\"https:\/\/weltwaldwiesen.de\/weichenstellen\/wp-content\/uploads\/2013\/09\/PB040194_klein.jpg\"><img loading=\"lazy\" class=\"aligncenter wp-image-2232 size-medium\" src=\"https:\/\/weltwaldwiesen.de\/weichenstellen\/wp-content\/uploads\/2013\/09\/PB040194_klein-225x300.jpg\" alt=\"PB040194_klein\" width=\"225\" height=\"300\" srcset=\"https:\/\/www.weltwaldwiesen.de\/weichenstellen\/wp-content\/uploads\/2013\/09\/PB040194_klein-225x300.jpg 225w, https:\/\/www.weltwaldwiesen.de\/weichenstellen\/wp-content\/uploads\/2013\/09\/PB040194_klein.jpg 350w\" sizes=\"(max-width: 225px) 100vw, 225px\" \/><\/a>\u00a0<\/span><\/h2>\n<p style=\"text-align: center;\"><span style=\"color: #ff0000; font-size: 18pt;\"><strong><span style=\"font-family: verdana,geneva;\">WAS VERSTEHE ICH UNTER &#8218;GOTT&#8216;<\/span><\/strong><\/span><\/p>\n<p style=\"text-align: center;\"><span style=\"font-family: verdana,geneva; font-size: 14pt;\">Auf den Seiten meiner Homepage taucht der Begriff &#8218;Gott&#8216;<br \/>\nin unterschiedlichen Zusammenh\u00e4ngen auf.<\/span><br \/>\n<span style=\"font-family: verdana,geneva; font-size: 14pt;\"> Jesus sprach vom &#8218;Papa&#8216; (hebr.&#8217;Abba&#8216;)<br \/>\nund dr\u00fcckte damit seine Beziehung aus.<\/span><br \/>\n<span style=\"font-family: verdana,geneva; font-size: 14pt;\"> Viele andere Ausdrucksformen<br \/>\nfinden sich in der Bibel und in anderen Traditionen.<\/span><\/p>\n<p style=\"text-align: center;\"><span style=\"font-family: verdana,geneva; font-size: 14pt;\">Daher setze ich diesen Begriff in &#8218;Anf\u00fchrungszeichen&#8216;,<\/span><br \/>\n<span style=\"font-family: verdana,geneva; font-size: 14pt;\"> um auszudr\u00fccken, dass jeder Mensch die Freiheit hat,<\/span><br \/>\n<span style=\"font-family: verdana,geneva; font-size: 14pt;\"> seine Beziehung zu entdecken\u00a0und zu formulieren.<\/span><\/p>\n<p style=\"text-align: center;\"><span style=\"font-family: verdana,geneva,sans-serif; font-size: 14pt;\"><span style=\"color: #ff0000;\"><em>&#8218;Ich w\u00fcrde gern ohne Gott von Gott sprechen.<\/em> <\/span><br \/>\n<span style=\"color: #ff0000;\">Die Sprache finden, die T\u00fcren \u00f6ffnet, <\/span><br \/>\n<span style=\"color: #ff0000;\">die durch Entt\u00e4uschung und Unverst\u00e4ndnis <\/span><br \/>\n<span style=\"color: #ff0000;\">lange verschlossen blieben.&#8216;<\/span><br \/>\n<\/span><span style=\"font-family: verdana,geneva,sans-serif; font-size: 10pt;\"><strong>Dietrich Bonhoeffer<br \/>\n<\/strong><\/span><\/p>\n<hr \/>\n<p style=\"text-align: center;\"><span style=\"font-family: verdana,geneva,sans-serif; font-size: 14pt;\"><strong><em><span style=\"color: #ff0000;\">Die spirituelle Dimension<\/span><br \/>\n<\/em><\/strong><span style=\"font-family: verdana,geneva,sans-serif; font-size: 14pt;\">Ich selbst habe keine Zweifel daran, dass es diese Dimension gibt,<br \/>\nin der die Ereignisse meines Lebens in einem anderen Licht erscheinen.<br \/>\nIch habe auch keinen Zweifel, dass sie f\u00fcr die gro\u00dfe Mehrheit der Menschen erfahrbar ist.<br \/>\nIch bin weiterhin \u00fcberzeugt, dass es heilsam ist, sich gelegentlich dieser Dimension bewusst zu werden.<br \/>\nEs ist allerdings sehr subjektiv, welche Vorstellungen jemand entwickelt,<br \/>\nwelche Worte er benutzt, um diese Dimension zu benennen:<br \/>\nGott oder Ewigkeit oder h\u00f6here Macht oder Licht oder Liebe? Oder ganz anders?<br \/>\nWer diese h\u00f6here Macht innerhalb und au\u00dferhalb \u00a0seines Selbst anerkennt,<br \/>\nkommt in sein menschliches Ma\u00df zur\u00fcck.<br \/>\nUnd das wird ihm gut tun.<\/span><\/span><\/p>\n<p style=\"text-align: center;\"><strong><span style=\"font-family: verdana,geneva,sans-serif; font-size: 10pt;\">Aus: Detlef Wendler, Wie du bist, ist es gut. \u00a9 Verlag Kreuz, Stuttgart 2008<br \/>\n<\/span><\/strong><\/p>\n<hr \/>\n<hr \/>\n<p style=\"text-align: center;\"><span style=\"font-family: verdana,geneva; font-size: small;\"><span style=\"color: #ff0000; font-size: 18pt;\"><strong><span style=\"font-family: verdana,geneva;\">ZEICHEN DEUTEN AUF DAS NICHT ABBILDBARE<\/span><\/strong><\/span><em><span style=\"color: #ff0000; font-size: 14pt;\"><strong><span style=\"font-family: verdana,geneva;\"><br \/>\n<\/span><\/strong><\/span><br \/>\n<\/em><span style=\"color: #000000; font-family: verdana,geneva,sans-serif; font-size: medium;\"><span style=\"font-size: 14pt;\">In unterschiedlichen Zusammenh\u00e4ngen<br \/>\nfinden Sie auf den Seiten meiner Homepage biblische Texte,<br \/>\ndurch deren Deutung ich Anst\u00f6\u00dfe<br \/>\nzu Fragen unseres Lebens zu geben versuche.<br \/>\nDabei handelt es sich um pers\u00f6nliche Interpretationen,<br \/>\ndie sich aus eigenen und den Erfahrungen anderer Menschen &#8217;speisen&#8216;.<\/span><\/span><\/span><\/p>\n<p style=\"text-align: left;\"><span style=\"font-family: verdana,geneva,sans-serif; font-size: 14pt;\">Dabei vertrete ich keineswegs die Ansicht, dass diese Deutungen die objektiv &#8218;richtigen&#8216; sind; allerdings meine ich, dass es auch nur die pers\u00f6nlich &#8218;richtige&#8216; geben kann und deshalb nenne ich sie auch &#8218;Anst\u00f6\u00dfe&#8216; oder &#8218;Impulse&#8216;. Ein Ansto\u00df oder Impuls dient immer der eigenen Interpretation. Wir haben die Kompetenz, unser Leben auf Gott hin zu interpretieren.<\/span><\/p>\n<p style=\"text-align: center;\"><span style=\"font-family: verdana,geneva; font-size: medium;\">\u00a0<a href=\"https:\/\/weltwaldwiesen.de\/weichenstellen\/wp-content\/uploads\/2013\/09\/AnkerHalt.jpg\"><img loading=\"lazy\" class=\"size-medium wp-image-302 aligncenter\" src=\"https:\/\/weltwaldwiesen.de\/weichenstellen\/wp-content\/uploads\/2013\/09\/AnkerHalt-300x204.jpg\" alt=\"AnkerHalt\" width=\"424\" height=\"278\" \/><\/a><strong><span style=\"font-size: 12pt;\">\u00a0\u00a0In den Bildern und Geschichten ankern und sie ankern lassen<\/span><\/strong><\/span><\/p>\n<p>&nbsp;<\/p>\n<p><span style=\"font-family: verdana,geneva; font-size: 14pt;\">Beim Verst\u00e4ndnis von biblischen Erz\u00e4hlungen geht es nicht darum, ob eine Geschichte objektiv wahr ist, sondern darum, ob sie eine subjektive Wahrheit enth\u00e4lt. Diese zu entdecken \u2013 darum geht es. Sie sind h\u00e4ufig in &#8218;Bilder&#8216; gekleidet.<\/span><\/p>\n<p><span style=\"font-family: verdana,geneva; font-size: 14pt;\">Die Bibel ist kein Dogmatik-Buch mit Lehrs\u00e4tzen, sondern sie erz\u00e4hlt in Bildern, was es hei\u00dft, Gott im eigenen Leben Platz zu geben. Zum Beispiel: Es ist wie das Senfkorn, das kleinste der Samenk\u00f6rner. Es w\u00e4chst zum gro\u00dfen Baum. Es ist wie beim Sauerteig, der eine gro\u00dfe Menge Mehl zu durchs\u00e4uern vermag. Es sind gute Bilder und wir sollten die &#8222;schlechten&#8220; durch sie &#8218;\u00fcberschreiben&#8216; und so unsere inneren Bilder kultivieren, denn sie sind m\u00e4chtig. Das w\u00e4re im wahrsten Sinne des Wortes eine gute Aus-Bild-ung!<\/span><\/p>\n<p><span style=\"font-family: verdana,geneva; font-size: 14pt;\"><em>\u201eAlles Religi\u00f6se, die gesamte mystische Ausdruckswelt der Religion und von ihr ausgehend all unser kulturelles Schaffen ist Zeichen, Zeichen und abermals Zeichen: Zeichen auf das nicht mehr Abbildbare, auf das ewige Reich des ewigen Gottes. Und weil Zeichen &#8217;nur&#8216; Zeichen sind \u2013 und was hei\u00dft hier &#8217;nur&#8216;, als g\u00e4be es Gr\u00f6\u00dferes als Zeichen des Ewigen zu sein -, deshalb sind wir frei, sie zu gestalten, sie zu kritisieren, sie auch neu hervorzubringen. Auch die Heilige Schrift ist mit ihren Zeichen und Bildern Symbol. Haben wir doch den Mut, uns unserer Religion ohne Anleitung des anderen zu bedienen&#8220;. <\/em><span style=\"font-size: 12pt;\">Hartwig v. Schubert<\/span><\/span><\/p>\n<p><span style=\"font-family: verdana,geneva; font-size: 14pt;\">So sind die alten Bilder und Geschichten Hoffnungs-, Liebes-, Gerechtigkeits- und Gewissheits-Bilder und \u2013Geschichten! Wer sich von ihnen ber\u00fchren l\u00e4sst, wird subjektiv von Hoffnung, Liebe, Gerechtigkeit und Gewissheit erf\u00fcllt.<\/span><\/p>\n<hr \/>\n<p style=\"text-align: center;\"><span style=\"font-size: 14pt; color: #ff0000;\"><strong><span style=\"font-family: verdana,geneva;\">WAS LEICHTHIN \u00dcBER DICH GESCHRIEBEN STEHT &#8230;<br \/>\n<\/span><\/strong><\/span><br \/>\n<span style=\"font-family: verdana,geneva; font-size: 14pt;\"> Dass du bist die Glut von dem, was lebt,<\/span><br \/>\n<span style=\"font-family: verdana,geneva; font-size: 14pt;\"> der Seelenfunken, der wie Brand entfacht,<\/span><br \/>\n<span style=\"font-family: verdana,geneva; font-size: 14pt;\"> der Atemquell, der uns zu trinken gibt.<\/span><\/p>\n<p style=\"text-align: center;\"><span style=\"font-family: verdana,geneva; font-size: 14pt;\">Was feurig steht geschrieben, dass du kommst,<\/span><br \/>\n<span style=\"font-family: verdana,geneva; font-size: 14pt;\"> rettest, was verloren ist, dies Wort,<\/span><br \/>\n<span style=\"font-family: verdana,geneva; font-size: 14pt;\"> dass du ein Herz hast, Augen, dass du h\u00f6rst,<\/span><br \/>\n<span style=\"font-family: verdana,geneva; font-size: 14pt;\"> &#8218;Ich werde da sein&#8216;, Lichtblick, neuer Bund &#8211;<\/span><\/p>\n<p style=\"text-align: center;\"><span style=\"font-family: verdana,geneva; font-size: 14pt;\">dies gro\u00dfe Wort, geschrieben wei\u00df auf schwarz,<\/span><br \/>\n<span style=\"font-family: verdana,geneva; font-size: 14pt;\"> treu\u00a0bei uns, wie hat es uns befreit,<\/span><br \/>\n<span style=\"font-family: verdana,geneva; font-size: 14pt;\"> besch\u00e4mt, berauscht, getr\u00f6stet und gereizt.<\/span><br \/>\n<span style=\"font-family: verdana,geneva; font-size: 14pt;\"> Wie brennen wir zu wissen, wer du bist.<\/span><\/p>\n<p style=\"text-align: center;\"><span style=\"font-family: verdana,geneva; font-size: 10pt;\">Huub Oosterhuis<\/span><\/p>\n<hr \/>\n<p style=\"text-align: center;\"><span style=\"color: #ff0000; font-size: 14pt;\"><strong><span style=\"font-family: verdana,geneva;\">DIE KRAFT, DIE ICH &#8218;GOTT&#8216; NENNE<\/span><\/strong><\/span><\/p>\n<p style=\"text-align: center;\"><span style=\"font-family: verdana,geneva; font-size: 14pt;\">Ich sp\u00fcre,<\/span><br \/>\n<span style=\"font-family: verdana,geneva; font-size: 14pt;\"> dass ganz tief in mir,<\/span><\/p>\n<p style=\"text-align: center;\"><span style=\"font-family: verdana,geneva; font-size: 14pt;\">im Kern meiner Existenz<\/span><br \/>\n<span style=\"font-family: verdana,geneva; font-size: 14pt;\"> eine Kraft ist,<\/span><\/p>\n<p style=\"text-align: center;\"><span style=\"font-family: verdana,geneva; font-size: 14pt;\">die es unn\u00f6tig macht,<\/span><br \/>\n<span style=\"font-family: verdana,geneva; font-size: 14pt;\"> mich mit anderen zu vergleichen,<\/span><\/p>\n<p style=\"text-align: center;\"><span style=\"font-family: verdana,geneva; font-size: 14pt;\">eine Kraft,<\/span><br \/>\n<span style=\"font-family: verdana,geneva; font-size: 14pt;\"> die mich ermutigt,<\/span><br \/>\n<span style=\"font-family: verdana,geneva; font-size: 14pt;\"> Verk\u00fcmmertes zu entwickeln,<\/span><\/p>\n<p style=\"text-align: center;\"><span style=\"font-family: verdana,geneva; font-size: 14pt;\">eine Kraft,<\/span><br \/>\n<span style=\"font-family: verdana,geneva; font-size: 14pt;\"> die mich freuen l\u00e4sst<\/span><br \/>\n<span style=\"font-family: verdana,geneva; font-size: 14pt;\"> an dem, was erreicht ist,<\/span><\/p>\n<p style=\"text-align: center;\"><span style=\"font-family: verdana,geneva; font-size: 14pt;\">eine Kraft,<\/span><br \/>\n<span style=\"font-family: verdana,geneva; font-size: 14pt;\"> die mich einsehen l\u00e4sst,<\/span><br \/>\n<span style=\"font-family: verdana,geneva; font-size: 14pt;\"> wo meine Grenzen sind,<\/span><\/p>\n<p style=\"text-align: center;\"><span style=\"font-family: verdana,geneva; font-size: 14pt;\">eine Kraft,<\/span><br \/>\n<span style=\"font-family: verdana,geneva; font-size: 14pt;\"> die mich ja sagen l\u00e4sst,<\/span><br \/>\n<span style=\"font-family: verdana,geneva; font-size: 14pt;\"> ja zu mir, so wie ich bin.<\/span><\/p>\n<p style=\"text-align: center;\"><span style=\"font-family: verdana,geneva; font-size: 14pt;\">Ich will mich ihr n\u00e4hern,<\/span><br \/>\n<span style=\"font-family: verdana,geneva; font-size: 14pt;\"> dieser geheimnisvollen Kraft.<\/span><\/p>\n<p style=\"text-align: center;\"><span style=\"font-family: verdana,geneva; font-size: 14pt;\">Ich nenne sie Gott.<\/span><\/p>\n<p style=\"text-align: center;\"><span style=\"font-family: verdana,geneva; font-size: small;\"><em>Aus \u201eWurzeln sp\u00fcren, Neues wagen\u201c \u2013 Max Feigenwinter<\/em><\/span><\/p>\n<hr \/>\n<p style=\"text-align: center;\"><span style=\"font-size: 18pt; font-family: verdana, geneva, sans-serif; color: #ff0000;\"><em><strong>Mein Licht und meine Weite<\/strong><\/em><\/span><\/p>\n<p style=\"text-align: center;\"><em>Ein Psalm,<br \/>\nder von &#8218;Herr&#8216; und &#8218;Gott&#8216; in den uns gel\u00e4ufigen \u00dcbersetzungen spricht,<br \/>\nist von einem j\u00fcdischen Rabbiner ohne diese Metaphern \u00fcbersetzt<br \/>\nund erh\u00e4lt so eine gro\u00dfe Weite.<\/em><\/p>\n<p style=\"text-align: center;\"><span style=\"font-size: 14pt; font-family: verdana, geneva, sans-serif;\">Die unendliche Gegenwart ist mein Licht und meine Weite.<\/span><br \/>\n<span style=\"font-size: 14pt; font-family: verdana, geneva, sans-serif;\">Wen sollte ich f\u00fcrchten?<\/span><br \/>\n<span style=\"font-size: 14pt; font-family: verdana, geneva, sans-serif;\">Die unendliche Gegenwart ist die St\u00e4rke meines Lebens.<\/span><br \/>\n<span style=\"font-size: 14pt; font-family: verdana, geneva, sans-serif;\">Wovor sollte ich mich f\u00fcrchten?<\/span><br \/>\n<span style=\"font-size: 14pt; font-family: verdana, geneva, sans-serif;\">Wenn Kr\u00e4fte nahe kommen und scheinen, mich zu<\/span><br \/>\n<span style=\"font-size: 14pt; font-family: verdana, geneva, sans-serif;\">verschlingen,<\/span><br \/>\n<span style=\"font-size: 14pt; font-family: verdana, geneva, sans-serif;\">wenn Enge droht und Gegner angreifen,<\/span><br \/>\n<span style=\"font-size: 14pt; font-family: verdana, geneva, sans-serif;\">alles, was bedrohlich ist, stolpert und f\u00e4llt.<\/span><br \/>\n<span style=\"font-size: 14pt; font-family: verdana, geneva, sans-serif;\">Auch wenn eine Armee von Misstrauen mich belagert:<\/span><br \/>\n<span style=\"font-size: 14pt; font-family: verdana, geneva, sans-serif;\">Mein Herz hat keine Angst.<\/span><br \/>\n<span style=\"font-size: 14pt; font-family: verdana, geneva, sans-serif;\">Auch wenn sich Widerstand gegen mich erhebt:<\/span><br \/>\n<span style=\"font-size: 14pt; font-family: verdana, geneva, sans-serif;\">Ich habe immer noch Vertrauen.<\/span><br \/>\n<span style=\"font-size: 14pt; font-family: verdana, geneva, sans-serif;\">Eine Sache, die ich vom Unendlichen verlange, eine Sache,<\/span><br \/>\n<span style=\"font-size: 14pt; font-family: verdana, geneva, sans-serif;\">die ich suche:<\/span><br \/>\n<span style=\"font-size: 14pt; font-family: verdana, geneva, sans-serif;\">Alle Tage meines Lebens in der Gegenwart zu wohnen,<\/span><br \/>\n<span style=\"font-size: 14pt; font-family: verdana, geneva, sans-serif;\">Zur Sch\u00f6nheit jedes Augenblicks erwachen,<\/span><br \/>\n<span style=\"font-size: 14pt; font-family: verdana, geneva, sans-serif;\">wenn ich durch diese Welt gehe.<\/span><br \/>\n<span style=\"font-size: 14pt; font-family: verdana, geneva, sans-serif;\">Die Unendliche sch\u00fctzt mich,<\/span><br \/>\n<span style=\"font-size: 14pt; font-family: verdana, geneva, sans-serif;\">wenn ich auf Schwierigkeiten und Schmerzen sto\u00dfe.<\/span><br \/>\n<span style=\"font-size: 14pt; font-family: verdana, geneva, sans-serif;\">Die Unendliche h\u00e4lt mich an tiefen<\/span><br \/>\n<span style=\"font-size: 14pt; font-family: verdana, geneva, sans-serif;\">und verborgenen Orten fest<\/span><br \/>\n<span style=\"font-size: 14pt; font-family: verdana, geneva, sans-serif;\">und hebt mich hoch auf einen Felsen.<\/span><br \/>\n<span style=\"font-size: 14pt; font-family: verdana, geneva, sans-serif;\">Jetzt kann ich durchschauen, was wahr ist.<\/span><br \/>\n<span style=\"font-size: 14pt; font-family: verdana, geneva, sans-serif;\">Und ich werde meine Geschenke des Dankes anbieten<\/span><br \/>\n<span style=\"font-size: 14pt; font-family: verdana, geneva, sans-serif;\">und ich werde singen und dem Ewigen Musik machen.<\/span><br \/>\n<span style=\"font-size: 14pt; font-family: verdana, geneva, sans-serif;\">Bitte, Unendlicher, h\u00f6re auf meine Stimme,<\/span><br \/>\n<span style=\"font-size: 14pt; font-family: verdana, geneva, sans-serif;\">h\u00f6re meinen Ruf.<\/span><br \/>\n<span style=\"font-size: 14pt; font-family: verdana, geneva, sans-serif;\">Sei gn\u00e4dig mit mir. Gib mir eine Antwort.<\/span><br \/>\n<span style=\"font-size: 14pt; font-family: verdana, geneva, sans-serif;\">Du rufst zu meinem Herzen: \u201eSuche meine Gegenwart.\u201c<\/span><br \/>\n<span style=\"font-size: 14pt; font-family: verdana, geneva, sans-serif;\">Deine Gegenwart suche ich. Bitte verstecke dich nicht vor<\/span><br \/>\n<span style=\"font-size: 14pt; font-family: verdana, geneva, sans-serif;\">mir.<\/span><br \/>\n<span style=\"font-size: 14pt; font-family: verdana, geneva, sans-serif;\">Bitte lass nicht zu, dass ich mich w\u00fctend<\/span><br \/>\n<span style=\"font-size: 14pt; font-family: verdana, geneva, sans-serif;\">abwende.<\/span><br \/>\n<span style=\"font-size: 14pt; font-family: verdana, geneva, sans-serif;\">Du bist meine Hilfe. Lass nicht zu, dass ich mich<\/span><br \/>\n<span style=\"font-size: 14pt; font-family: verdana, geneva, sans-serif;\">verlassen f\u00fchle.<\/span><br \/>\n<span style=\"font-size: 14pt; font-family: verdana, geneva, sans-serif;\">Lass nicht zu, dass ich mich abwende.<\/span><br \/>\n<span style=\"font-size: 14pt; font-family: verdana, geneva, sans-serif;\">In dir bin ich sicher.<\/span><\/p>\n<p>nach \u00dcbersetzung von Rabbi Yael Levy<\/p>\n<hr \/>\n<p style=\"text-align: center;\"><span style=\"font-family: verdana,geneva,sans-serif; font-size: 14pt;\"><span style=\"color: #ff0000;\"><strong>Du sprichst von einer gro\u00dfen Kraft,<br \/>\ndie Welten schafft und verwandelt<\/strong><\/span><\/span><\/p>\n<p><span style=\"font-family: verdana,geneva,sans-serif; font-size: 14pt;\"><em>Wenn du von \u201aGott\u2018 redest und wirklich Gott meinst, dann fabulierst du nicht von irgend-einem blassen Gedanken, von irgendeiner Idee, die am Himmel h\u00e4ngt\u00a0wie ein ferner Stern.<\/em><\/span><\/p>\n<p><span style=\"font-family: verdana,geneva,sans-serif; font-size: 14pt;\"><em>Du sprichst von einer gro\u00dfen Kraft, die Welten schafft und verwandelt, sie in die Unendlichkeit hinaustreibt, bis sie irgendein fernes Ziel erreichen. Du sprichst von der Kraft einer dynamischen Bewegung. Du meinst eine grenzenlose Fantasie, aus der die Gestalten des Lebens und des Geistes hervorgehen. Du redest vom vom ungeheuren Strom eines gewaltigen Willens, der vorw\u00e4rts dr\u00e4ngt in eine v\u00f6llig offene Zukunft.<\/em><\/span><\/p>\n<p><span style=\"font-family: verdana,geneva,sans-serif; font-size: 14pt;\"><em>Und dieser Wille, das wei\u00dft du, ist es auch,\u00a0 der dich pr\u00e4gt, der dich durch dein leben treibt, der dich fordert und der will, dass du dich ihm einf\u00fcgst mit der Freiheit deines kleinen Willens.<br \/>\n<\/em><\/span><span style=\"font-size: 10pt;\"><span style=\"font-family: verdana,geneva,sans-serif;\">J\u00f6rg Zink in<\/span> \u201aDie goldene Schnur\u2018, Anleitung zu einem inneren Weg, Kreuz-Verlag.<\/span><\/p>\n<hr \/>\n<p style=\"text-align: center;\" align=\"LEFT\"><span style=\"color: #ff0000; font-family: verdana,geneva,sans-serif; font-size: 14pt;\"><strong>Generationen<\/strong> <\/span><\/p>\n<p align=\"LEFT\"><em><span style=\"font-family: verdana,geneva,sans-serif; font-size: 14pt;\">\u201eEs wechseln immer wieder drei Generationen. Eine findet den Gott, die zweite w\u00f6lbt den engen Tempel \u00fcber ihn und fesselt ihn so, und <\/span><span style=\"font-family: verdana,geneva,sans-serif; font-size: 14pt;\">die dritte verarmt und holt Stein um Stein aus dem Gottesbau, um damit notd\u00fcrftig k\u00e4rgliche H\u00fctten zu bauen. Und dann kommt eine, die den Gott wieder suchen muss &#8230;.\u201c<br \/>\n<\/span><\/em><span style=\"font-family: verdana,geneva,sans-serif; font-size: 8pt;\">Rainer Maria Rilke (1875-1926)<\/span><em><span style=\"font-family: verdana,geneva,sans-serif; font-size: 14pt;\"><br \/>\n<\/span><\/em><\/p>\n<p align=\"LEFT\"><span style=\"font-family: verdana, geneva, sans-serif;\">Das habe ich in einem Beitrag in NDR-KULTUR &#8218;Glaubenssachen&#8216; geh\u00f6rt.<\/span><br \/>\n<span style=\"font-family: verdana, geneva, sans-serif;\">Gegenw\u00e4rtig finde ich mich nach Rainer Maria Rilke mit vielen in der &#8218;3. Generation&#8216; &#8230;&#8230;<\/span><\/p>\n<hr \/>\n<p style=\"text-align: center;\"><span style=\"font-size: 14pt; font-family: verdana, geneva, sans-serif;\">Es ist sehr gut denkbar,<br \/>\n<\/span><span style=\"font-size: 14pt; font-family: verdana, geneva, sans-serif;\">dass die Herrlichkeit des Lebens f\u00fcr jede*n<\/span><br \/>\n<span style=\"font-size: 14pt; font-family: verdana, geneva, sans-serif;\">und immer in ihrer ganzen F\u00fclle bereit liegt,<\/span><br \/>\n<span style=\"font-size: 14pt; font-family: verdana, geneva, sans-serif;\">aber verh\u00e4ngt, in der Tiefe, unsichtbar, sehr weit.<\/span><\/p>\n<p style=\"text-align: center;\"><span style=\"font-size: 14pt; font-family: verdana, geneva, sans-serif;\">Aber sie liegt dort, nicht feindselig, nicht widerwillig,<\/span><br \/>\n<span style=\"font-size: 14pt; font-family: verdana, geneva, sans-serif;\">nicht taub.<\/span><br \/>\n<span style=\"font-size: 14pt; font-family: verdana, geneva, sans-serif;\">Ruft man sie mit dem richtigen Wort,<\/span><br \/>\n<span style=\"font-size: 14pt; font-family: verdana, geneva, sans-serif;\">beim richtigen Namen,<\/span><br \/>\n<span style=\"font-size: 14pt; font-family: verdana, geneva, sans-serif;\">dann kommt sie.<\/span><\/p>\n<p style=\"text-align: center;\"><span style=\"font-family: verdana, geneva, sans-serif;\">Franz Kafka<\/span><\/p>\n<hr \/>\n<p style=\"text-align: center;\"><span style=\"color: #ff0000; font-size: 18pt;\"><strong><span style=\"font-family: verdana,geneva,sans-serif;\">DANKE!<\/span><\/strong><\/span><\/p>\n<p style=\"text-align: left;\"><span style=\"font-family: verdana,geneva,sans-serif; font-size: 14pt;\">Die Begegnung mit sich selbst und damit auch mit &#8218;Gott&#8216; als lebendige und gestaltende Kraft ist &#8218;roter Faden&#8216; in allen Beitr\u00e4gen meiner Homepage. Diesen &#8218;Grundton&#8216; entdecke ich in vielen Ausf\u00fchrungen, die ich h\u00f6re oder lese.\u00a0Soweit mir\u00a0Autor*innen bekannt sind, nenne ich sie auch, wenn ich von ihnen ver\u00f6ffentlichte Texte \u00fcbernommen habe.\u00a0In wenigen\u00a0F\u00e4llen gibt es entsprechende Kontakte.<\/span><\/p>\n<p style=\"text-align: left;\"><span style=\"font-family: verdana,geneva,sans-serif; font-size: 14pt;\">Ich bin immer dankbar, wenn ich\u00a0an anderer Stelle ausgef\u00fchrte Gedanken entdecke, die meine \u00dcberlegungen unterstreichen, sie manchmal in einem anderen Kontext auch viel zutreffender formulieren. <\/span><\/p>\n<p style=\"text-align: left;\"><span style=\"font-family: verdana,geneva,sans-serif; font-size: 14pt;\">Ich m\u00f6chte\u00a0 an dieser Stelle allen daf\u00fcr danken und hoffe, dass sie sich in den von mir gesetzten Zusammenh\u00e4ngen wiederfinden!\u00a0<\/span><\/p>\n<hr \/>\n<p style=\"text-align: center;\"><strong><span style=\"font-family: verdana,geneva; font-size: medium;\">\u00a0<a title=\"Kontakt\" href=\"https:\/\/weltwaldwiesen.de\/weichenstellen\/kontakt\/\">KONTAKT<br \/>\n<\/a><\/span><\/strong><\/p>\n","protected":false},"excerpt":{"rendered":"<p>\u00a0 WAS VERSTEHE ICH UNTER &#8218;GOTT&#8216; Auf den Seiten meiner Homepage taucht der Begriff &#8218;Gott&#8216; in unterschiedlichen Zusammenh\u00e4ngen auf. Jesus sprach vom &#8218;Papa&#8216; (hebr.&#8217;Abba&#8216;) und dr\u00fcckte damit seine Beziehung aus. Viele andere Ausdrucksformen finden sich in der Bibel und in anderen Traditionen. Daher setze ich diesen Begriff in &#8218;Anf\u00fchrungszeichen&#8216;, um auszudr\u00fccken, dass jeder Mensch die\u2026 <span class=\"read-more\"><a href=\"https:\/\/www.weltwaldwiesen.de\/weichenstellen\/mein-selbstverstaendnis\/\">Weiterlesen &raquo;<\/a><\/span><\/p>\n","protected":false},"author":1,"featured_media":0,"parent":0,"menu_order":2,"comment_status":"closed","ping_status":"open","template":"page-templates\/full-width.php","meta":{"spay_email":""},"jetpack_shortlink":"https:\/\/wp.me\/P3UvYh-4M","jetpack_sharing_enabled":true,"_links":{"self":[{"href":"https:\/\/www.weltwaldwiesen.de\/weichenstellen\/wp-json\/wp\/v2\/pages\/296"}],"collection":[{"href":"https:\/\/www.weltwaldwiesen.de\/weichenstellen\/wp-json\/wp\/v2\/pages"}],"about":[{"href":"https:\/\/www.weltwaldwiesen.de\/weichenstellen\/wp-json\/wp\/v2\/types\/page"}],"author":[{"embeddable":true,"href":"https:\/\/www.weltwaldwiesen.de\/weichenstellen\/wp-json\/wp\/v2\/users\/1"}],"replies":[{"embeddable":true,"href":"https:\/\/www.weltwaldwiesen.de\/weichenstellen\/wp-json\/wp\/v2\/comments?post=296"}],"version-history":[{"count":14,"href":"https:\/\/www.weltwaldwiesen.de\/weichenstellen\/wp-json\/wp\/v2\/pages\/296\/revisions"}],"predecessor-version":[{"id":10258,"href":"https:\/\/www.weltwaldwiesen.de\/weichenstellen\/wp-json\/wp\/v2\/pages\/296\/revisions\/10258"}],"wp:attachment":[{"href":"https:\/\/www.weltwaldwiesen.de\/weichenstellen\/wp-json\/wp\/v2\/media?parent=296"}],"curies":[{"name":"wp","href":"https:\/\/api.w.org\/{rel}","templated":true}]}}