{"id":243,"date":"2013-09-14T16:53:06","date_gmt":"2013-09-14T14:53:06","guid":{"rendered":"https:\/\/weltwaldwiesen.de\/weichenstellen\/?page_id=243"},"modified":"2017-03-22T14:23:30","modified_gmt":"2017-03-22T13:23:30","slug":"sinn-statt-sucht","status":"publish","type":"page","link":"https:\/\/www.weltwaldwiesen.de\/weichenstellen\/sinn-statt-sucht\/","title":{"rendered":"Sinn statt Sucht"},"content":{"rendered":"<p style=\"text-align: center;\"><span style=\"color: #ff0000;\"><strong><span style=\"font-size: 18pt;\"><span style=\"font-family: verdana,geneva;\">VORTR\u00c4GE\u00a0&#8211; SEMINARE\u00a0&#8211; BIBLIODRAMEN<br \/>\nZUR PR\u00c4VENTION<\/span><\/span><\/strong><\/span><\/p>\n<p style=\"text-align: center;\"><img loading=\"lazy\" class=\"aligncenter\" src=\"https:\/\/weltwaldwiesen.de\/weichenstellen\/wp-content\/uploads\/2013\/09\/Kommunikation2-194x300.jpg\" alt=\"Kommunikation2\" width=\"289\" height=\"448\" \/><\/p>\n<p style=\"text-align: center;\"><strong><span style=\"font-family: verdana,geneva,sans-serif; font-size: 14pt;\">ERFAHRUNGEN MACHEN &#8211; ERFAHRUNGEN WEIERGEBEN<\/span><\/strong><\/p>\n<hr \/>\n<hr \/>\n<p style=\"text-align: center;\"><strong><span style=\"font-family: verdana,geneva,sans-serif; font-size: 14pt;\"><a href=\"https:\/\/weltwaldwiesen.de\/weichenstellen\/wp-content\/uploads\/2013\/09\/Tragen.jpg\"><img loading=\"lazy\" class=\"alignnone wp-image-37\" src=\"https:\/\/weltwaldwiesen.de\/weichenstellen\/wp-content\/uploads\/2013\/09\/Tragen-300x201.jpg\" alt=\"Tragen\" width=\"354\" height=\"237\" srcset=\"https:\/\/www.weltwaldwiesen.de\/weichenstellen\/wp-content\/uploads\/2013\/09\/Tragen-300x201.jpg 300w, https:\/\/www.weltwaldwiesen.de\/weichenstellen\/wp-content\/uploads\/2013\/09\/Tragen.jpg 445w\" sizes=\"(max-width: 354px) 100vw, 354px\" \/><\/a><br \/>\n<span style=\"color: #ff0000;\">SINN STATT SUCHT<\/span><br \/>\n<a href=\"https:\/\/weltwaldwiesen.de\/weichenstellen\/tragfaehigkeit\/\">Tragf\u00e4higkeit in Unertr\u00e4glichkeit<\/a><\/span><\/strong><\/p>\n<hr \/>\n<p style=\"text-align: center;\"><strong><span style=\"color: #ff0000; font-family: verdana,geneva,sans-serif; font-size: 14pt;\"><img loading=\"lazy\" class=\" wp-image-671 aligncenter\" src=\"https:\/\/weltwaldwiesen.de\/weichenstellen\/wp-content\/uploads\/2013\/10\/ag20^001_klein-203x300.jpg\" alt=\"ag20^001_klein\" width=\"298\" height=\"441\" \/><br \/>\nSINN STATT SUCHT<a href=\"https:\/\/weltwaldwiesen.de\/weichenstellen\/sinn-statt-sucht-seminare\/\"><br \/>\n<\/a><span style=\"color: #000000;\"><a style=\"color: #000000;\" href=\"https:\/\/weltwaldwiesen.de\/weichenstellen\/sinn-statt-sucht-seminare\/\">Seminare<\/a><\/span><\/span><\/strong><\/p>\n<hr \/>\n<p style=\"text-align: center;\"><strong><span style=\"font-family: verdana,geneva,sans-serif; font-size: 14pt;\"><img loading=\"lazy\" class=\" wp-image-3844 aligncenter\" src=\"https:\/\/weltwaldwiesen.de\/weichenstellen\/wp-content\/uploads\/2014\/12\/Erkennen-300x224.jpg\" alt=\"Fesseln l\u00f6sen\" width=\"347\" height=\"257\" \/><\/span><\/strong><\/p>\n<p style=\"text-align: center;\"><strong><span style=\"color: #ff0000; font-family: verdana,geneva,sans-serif; font-size: 14pt;\"><span style=\"color: #000000;\"><span style=\"color: #ff0000;\"><span style=\"color: #ff0000;\">Vortr\u00e4ge und Seminare\u00a0zum\u00a0Thema<br \/>\n<a href=\"https:\/\/weltwaldwiesen.de\/weichenstellen\/seminare-abhaengigkeit-und-sucht-statt-sucht\/\">Abh\u00e4ngigkeit und Sucht<\/a><\/span><\/span><\/span><\/span><\/strong><\/p>\n<hr \/>\n<p style=\"text-align: center;\"><strong><span style=\"font-family: verdana,geneva,sans-serif; font-size: 14pt;\">\u00a0<\/span><\/strong><\/p>\n<p style=\"text-align: center;\"><strong><span style=\"font-family: verdana,geneva,sans-serif; font-size: 14pt;\"><a href=\"https:\/\/weltwaldwiesen.de\/weichenstellen\/wp-content\/uploads\/2013\/09\/Balance4_klein.jpg\"><img loading=\"lazy\" class=\" wp-image-674 aligncenter\" src=\"https:\/\/weltwaldwiesen.de\/weichenstellen\/wp-content\/uploads\/2013\/09\/Balance4_klein-300x224.jpg\" alt=\"Balance4_klein\" width=\"385\" height=\"288\" srcset=\"https:\/\/www.weltwaldwiesen.de\/weichenstellen\/wp-content\/uploads\/2013\/09\/Balance4_klein-300x224.jpg 300w, https:\/\/www.weltwaldwiesen.de\/weichenstellen\/wp-content\/uploads\/2013\/09\/Balance4_klein.jpg 350w\" sizes=\"(max-width: 385px) 100vw, 385px\" \/><\/a><span style=\"color: #ff0000;\"><br \/>\nST\u00c4RKUNG DER PERS\u00d6NLICHKEIT<br \/>\n<\/span><span style=\"color: #000000;\"><a style=\"color: #000000;\" href=\"https:\/\/weltwaldwiesen.de\/weichenstellen\/seminare-zur-praevention\/\">Seminar-Angebote zur Pr\u00e4vention<\/a><\/span><span style=\"color: #ff0000;\"><br \/>\n<\/span>Sie finden hier ein interessantes Angebot: SPIEL MIT MASKEN<\/span><\/strong><\/p>\n<hr \/>\n<p style=\"text-align: center;\"><strong><span style=\"color: #ff0000; font-family: verdana,geneva,sans-serif; font-size: 14pt;\">\u00a0<\/span><\/strong><\/p>\n<p style=\"text-align: center;\"><a href=\"https:\/\/weltwaldwiesen.de\/weichenstellen\/wp-content\/uploads\/2015\/07\/Taize09-27_klein.jpg\"><img loading=\"lazy\" class=\" wp-image-4850 aligncenter\" src=\"https:\/\/weltwaldwiesen.de\/weichenstellen\/wp-content\/uploads\/2015\/07\/Taize09-27_klein-300x225.jpg\" alt=\"Taize09 (27)_klein\" width=\"380\" height=\"285\" srcset=\"https:\/\/www.weltwaldwiesen.de\/weichenstellen\/wp-content\/uploads\/2015\/07\/Taize09-27_klein-300x225.jpg 300w, https:\/\/www.weltwaldwiesen.de\/weichenstellen\/wp-content\/uploads\/2015\/07\/Taize09-27_klein.jpg 800w\" sizes=\"(max-width: 380px) 100vw, 380px\" \/><\/a><\/p>\n<p style=\"text-align: center;\"><strong><span style=\"font-family: verdana,geneva,sans-serif; font-size: 18pt;\"><span style=\"color: #ff0000;\">LEBENS-FRAGEN\u00a0UND LEBENS-ANTWORTEN<\/span><br \/>\n<a href=\"https:\/\/weltwaldwiesen.de\/weichenstellen\/bibliodramen\/\">Bibliodramen<\/a>\u00a0<\/span><span style=\"color: #ff0000;\"><span style=\"font-family: verdana,geneva,sans-serif; font-size: 18pt;\"><br \/>\n<\/span><\/span><\/strong><\/p>\n<hr \/>\n<p style=\"text-align: center;\"><strong><span style=\"font-family: verdana,geneva; font-size: medium;\"><span style=\"font-family: verdana,geneva,sans-serif; font-size: 14pt;\">Vereinbarungen zu allen Angeboten<\/span><br \/>\n<span style=\"font-family: verdana,geneva,sans-serif; font-size: 14pt;\"><a title=\"Kontakt\" href=\"https:\/\/weltwaldwiesen.de\/weichenstellen\/kontakt\/\">KONTAKT<\/a><\/span><\/span><\/strong><\/p>\n<p><span style=\"font-family: verdana,geneva; font-size: medium;\">\u00a0<\/span><\/p>\n","protected":false},"excerpt":{"rendered":"<p>VORTR\u00c4GE\u00a0&#8211; SEMINARE\u00a0&#8211; BIBLIODRAMEN ZUR PR\u00c4VENTION ERFAHRUNGEN MACHEN &#8211; ERFAHRUNGEN WEIERGEBEN SINN STATT SUCHT Tragf\u00e4higkeit in Unertr\u00e4glichkeit SINN STATT SUCHT Seminare Vortr\u00e4ge und Seminare\u00a0zum\u00a0Thema Abh\u00e4ngigkeit und Sucht \u00a0 ST\u00c4RKUNG DER PERS\u00d6NLICHKEIT Seminar-Angebote zur Pr\u00e4vention Sie finden hier ein interessantes Angebot: SPIEL MIT MASKEN \u00a0 LEBENS-FRAGEN\u00a0UND LEBENS-ANTWORTEN Bibliodramen\u00a0 Vereinbarungen zu allen Angeboten KONTAKT \u00a0<\/p>\n","protected":false},"author":1,"featured_media":0,"parent":0,"menu_order":6,"comment_status":"closed","ping_status":"open","template":"page-templates\/full-width.php","meta":{"spay_email":""},"jetpack_shortlink":"https:\/\/wp.me\/P3UvYh-3V","jetpack_sharing_enabled":true,"_links":{"self":[{"href":"https:\/\/www.weltwaldwiesen.de\/weichenstellen\/wp-json\/wp\/v2\/pages\/243"}],"collection":[{"href":"https:\/\/www.weltwaldwiesen.de\/weichenstellen\/wp-json\/wp\/v2\/pages"}],"about":[{"href":"https:\/\/www.weltwaldwiesen.de\/weichenstellen\/wp-json\/wp\/v2\/types\/page"}],"author":[{"embeddable":true,"href":"https:\/\/www.weltwaldwiesen.de\/weichenstellen\/wp-json\/wp\/v2\/users\/1"}],"replies":[{"embeddable":true,"href":"https:\/\/www.weltwaldwiesen.de\/weichenstellen\/wp-json\/wp\/v2\/comments?post=243"}],"version-history":[{"count":11,"href":"https:\/\/www.weltwaldwiesen.de\/weichenstellen\/wp-json\/wp\/v2\/pages\/243\/revisions"}],"predecessor-version":[{"id":6541,"href":"https:\/\/www.weltwaldwiesen.de\/weichenstellen\/wp-json\/wp\/v2\/pages\/243\/revisions\/6541"}],"wp:attachment":[{"href":"https:\/\/www.weltwaldwiesen.de\/weichenstellen\/wp-json\/wp\/v2\/media?parent=243"}],"curies":[{"name":"wp","href":"https:\/\/api.w.org\/{rel}","templated":true}]}}