{"id":124,"date":"2013-09-13T09:48:44","date_gmt":"2013-09-13T07:48:44","guid":{"rendered":"https:\/\/weltwaldwiesen.de\/weichenstellen\/?page_id=124"},"modified":"2023-04-01T06:44:25","modified_gmt":"2023-04-01T04:44:25","slug":"wer-bin-ich","status":"publish","type":"page","link":"https:\/\/www.weltwaldwiesen.de\/weichenstellen\/mein-selbstverstaendnis\/wer-bin-ich\/","title":{"rendered":"Wer bin ich?"},"content":{"rendered":"<p><a href=\"https:\/\/weltwaldwiesen.de\/weichenstellen\/wp-content\/uploads\/2013\/09\/80-2018-7.jpgklein.jpg\">\u00a0<\/a><\/p>\n<h2 style=\"text-align: center;\"><strong><span style=\"color: #ff0000; font-family: verdana,geneva; font-size: xx-large;\">VORSTELLUNG &#8211;\u00a0 ANGEBOT &#8211; SELBSTVERST\u00c4NDNIS<\/span><\/strong><\/h2>\n<h2 style=\"text-align: center;\"><a href=\"https:\/\/www.weichenstellen.de\/blog\/wp-content\/uploads\/2022\/10\/DSC_0589-2-klein.jpg\"><img loading=\"lazy\" class=\"alignnone size-medium wp-image-10658\" src=\"https:\/\/www.weichenstellen.de\/blog\/wp-content\/uploads\/2022\/10\/DSC_0589-2-klein-300x297.jpg\" alt=\"\" width=\"300\" height=\"297\" srcset=\"https:\/\/www.weltwaldwiesen.de\/weichenstellen\/wp-content\/uploads\/2022\/10\/DSC_0589-2-klein-300x297.jpg 300w, https:\/\/www.weltwaldwiesen.de\/weichenstellen\/wp-content\/uploads\/2022\/10\/DSC_0589-2-klein-150x150.jpg 150w, https:\/\/www.weltwaldwiesen.de\/weichenstellen\/wp-content\/uploads\/2022\/10\/DSC_0589-2-klein.jpg 450w\" sizes=\"(max-width: 300px) 100vw, 300px\" \/><\/a><\/h2>\n<h2 style=\"text-align: center;\"><span style=\"font-family: verdana,geneva,sans-serif;\"><strong style=\"font-size: medium;\">Jan-Peter Wilckens, geb.1938<\/strong><\/span><br \/>\n<span style=\"font-family: verdana,geneva; font-size: small;\"><strong style=\"font-size: medium;\"><span style=\"font-family: verdana,geneva,sans-serif;\">Diakon und Dipl.Soz.P\u00e4d.<\/span><br \/>\n<\/strong><\/span><span style=\"font-family: verdana,geneva,sans-serif;\"><strong><span style=\"font-size: 14pt;\">jp-wilckens@t-online.de<\/span><\/strong><\/span><\/h2>\n<p style=\"text-align: center;\"><span style=\"font-family: verdana,geneva; font-size: 14pt;\"><a title=\"Kontakt\" href=\"https:\/\/weltwaldwiesen.de\/weichenstellen\/kontakt\/\"><strong style=\"text-align: center;\">KONTAKT<\/strong><\/a><\/span><\/p>\n<hr \/>\n<p><span style=\"font-family: verdana,geneva,sans-serif; font-size: 14pt;\"><strong><span style=\"color: #000000;\">Ausbildung in der Evangelischen Hochschule<\/span><\/strong><\/span><br style=\"text-align: center;\" \/><span style=\"text-align: center; font-family: verdana,geneva,sans-serif; font-size: 14pt;\"><strong>f\u00fcr soziale Arbeit &amp; Diakonie des Rauhen Hauses Hamburg.<\/strong><br \/>\n<\/span><span style=\"text-align: center; font-family: verdana,geneva,sans-serif; font-size: 14pt;\">Als eingesegneter Diakon Mitglied der &#8222;Br\u00fcder- und Schwesternschaft des Rauhen Hauses&#8220;.<\/span><\/p>\n<p><span style=\"font-family: verdana,geneva,sans-serif; font-size: 14pt;\"><strong>Aus dem &#8222;Leitbild&#8220;<\/strong><\/span><br \/>\n<span style=\"font-family: verdana,geneva,sans-serif; font-size: 14pt;\"> <em><span style=\"text-align: center;\">Wir sind eine Gemeinschaft von Br\u00fcdern und Schwestern in der Nachfolge Jesu Christi.\u00a0<\/span><\/em><\/span><br \/>\n<span style=\"font-family: verdana,geneva,sans-serif; font-size: 14pt;\"> <em> <span style=\"text-align: center;\">Wir glauben an die Liebe Gottes zu allen Menschen, die uns zu diakonischem Handeln motiviert.\u00a0<\/span><\/em><\/span><br \/>\n<span style=\"font-family: verdana,geneva,sans-serif; font-size: 14pt;\"> <em> <span style=\"text-align: center;\">Wir wollen Himmel und Erde &#8211; Glaube und Liebe, Wort und Tat verbinden.\u00a0<\/span><\/em><\/span><br \/>\n<span style=\"text-align: center; font-family: verdana,geneva; font-size: 14pt;\"> <em><span style=\"font-family: verdana,geneva,sans-serif;\">Daf\u00fcr stehen wir ein<\/span>.<\/em>\u00a0<\/span><\/p>\n<p style=\"text-align: center;\"><span style=\"text-align: center; font-family: verdana,geneva; font-size: 14pt;\">Weitere Informationen\u00a0<\/span><br \/>\n<span style=\"font-family: verdana,geneva; font-size: 14pt;\"> <a href=\"http:\/\/www.rauheshaus.de\/das-rauhe-haus\/brueder-und-schwesternschaft.html\">http:\/\/www.rauheshaus.de\/das-rauhe-haus\/brueder-und-schwesternschaft.html<\/a><\/span><a style=\"text-align: center;\" href=\"https:\/\/weltwaldwiesen.de\/weichenstellen\/wp-content\/uploads\/2013\/09\/SkulpturRH.jpg\"><img loading=\"lazy\" class=\"size-medium wp-image-129 aligncenter\" src=\"https:\/\/weltwaldwiesen.de\/weichenstellen\/wp-content\/uploads\/2013\/09\/SkulpturRH-300x243.jpg\" alt=\"SkulpturRH\" width=\"300\" height=\"243\" srcset=\"https:\/\/www.weltwaldwiesen.de\/weichenstellen\/wp-content\/uploads\/2013\/09\/SkulpturRH-300x243.jpg 300w, https:\/\/www.weltwaldwiesen.de\/weichenstellen\/wp-content\/uploads\/2013\/09\/SkulpturRH.jpg 428w\" sizes=\"(max-width: 300px) 100vw, 300px\" \/><\/a><span style=\"font-family: verdana,geneva; font-size: 12pt;\"><strong>Skulptur &#8222;Kinder dieser Welt&#8220; auf dem Gel\u00e4nde des Rauhen Hauses<\/strong><\/span><br \/>\n<em><span style=\"font-family: Verdana; font-size: small;\">Enth\u00fcllt am 19. Dezember 2009<\/span><\/em><\/p>\n<hr \/>\n<p style=\"text-align: center;\"><a href=\"https:\/\/weltwaldwiesen.de\/weichenstellen\/wp-content\/uploads\/2018\/09\/DSC_0135.jpgklein.jpg\"><img loading=\"lazy\" class=\"size-medium wp-image-7588 aligncenter\" src=\"https:\/\/weltwaldwiesen.de\/weichenstellen\/wp-content\/uploads\/2018\/09\/DSC_0135.jpgklein-300x199.jpg\" alt=\"\" width=\"300\" height=\"199\" srcset=\"https:\/\/www.weltwaldwiesen.de\/weichenstellen\/wp-content\/uploads\/2018\/09\/DSC_0135.jpgklein-300x199.jpg 300w, https:\/\/www.weltwaldwiesen.de\/weichenstellen\/wp-content\/uploads\/2018\/09\/DSC_0135.jpgklein.jpg 500w\" sizes=\"(max-width: 300px) 100vw, 300px\" \/><\/a><br \/>\n<span style=\"font-family: verdana,geneva,sans-serif; font-size: 14pt;\">Eine\u00a0&#8218;Kapelle&#8216; auf dem Gel\u00e4nde<br \/>\nwurde durch Bombenabw\u00fcrfe im\u00a0Zweiten Weltkrieg zerst\u00f6rt.<\/span><br \/>\n<span style=\"font-family: verdana,geneva,sans-serif; font-size: 14pt;\">Jetzt gibt es eine &#8218;Open-Air-&#8218;Kapelle&#8216; von B\u00e4umen umgeben,<br \/>\ndie zu Meditation und Stille einl\u00e4dt.<br \/>\nZerbrochene Steine markieren einen Weg.<br \/>\n&#8218;Br\u00fcche&#8216; im Leben markieren Lebens-Wege.<br \/>\nDie eigenen &#8218;Br\u00fcche&#8216; und ihre &#8218;Botschaft&#8216; meditieren;<br \/>\nsich selbst\u00a0im &#8218;Gro\u00dfen und Ganzen&#8216;\u00a0aufgehoben f\u00fchlen &#8230; Entdecken, dass heilende Liebe in unseren Br\u00fcchen aufleuchtet &#8230;<\/span><\/p>\n<p style=\"text-align: center;\"><em><span style=\"font-family: verdana,geneva,sans-serif;\">Wer den Weg gehen m\u00f6chte und sich gerade in Hamburg aufh\u00e4lt: <\/span><\/em><em><span style=\"font-family: verdana,geneva,sans-serif;\">U2 von Hauptbahnhof-Nord vier Stationen bis &#8218;Rauhes Haus&#8216; .. <\/span><\/em><em><span style=\"font-family: verdana,geneva,sans-serif;\">Dann Stra\u00dfe &#8218;Beim Rauhen Hause&#8216; leicht bergauf zum Eingang gehen &#8230; Bald leuchten die wei\u00dfen Bruchsteine auf &#8230;<br \/>\n<strong>Herzlich willkommen!<\/strong><\/span><\/em><\/p>\n<hr \/>\n<p style=\"text-align: center;\"><span style=\"font-family: verdana,geneva,sans-serif; font-size: 14pt;\"><em>Eine<br \/>\n<a href=\"https:\/\/weltwaldwiesen.de\/weichenstellen\/foto-galerie\/\"><strong>FOTO-GALERIE<\/strong><\/a><br \/>\nvermittelt einen Eindruck<\/em><\/span><\/p>\n<hr \/>\n<p style=\"text-align: center;\"><em><span style=\"font-family: verdana,geneva,sans-serif;\"><strong><span style=\"font-size: small;\">\u00a0<\/span><\/strong><\/span><\/em><\/p>\n<ul style=\"list-style-type: square;\">\n<li><span style=\"font-family: verdana,geneva,sans-serif; font-size: 14pt;\"><span style=\"font-family: verdana,geneva,sans-serif; font-size: 14pt;\"><strong>Zusatzausbildungen in gruppendynamischem und therapeutischem Bereich sowie Supervision<\/strong><\/span><\/span><\/li>\n<\/ul>\n<p>&nbsp;<\/p>\n<ul style=\"list-style-type: square;\">\n<li><span style=\"font-family: verdana,geneva,sans-serif; font-size: 14pt;\"><strong style=\"text-align: center;\"><strong>20 Jahre Jugend- und Elternarbeit in Kirchengemeinden.<\/strong><\/strong><\/span><\/li>\n<\/ul>\n<p>&nbsp;<\/p>\n<ul style=\"list-style-type: square;\">\n<li><span style=\"font-family: verdana,geneva,sans-serif; font-size: 14pt;\"><span style=\"font-family: verdana,geneva,sans-serif; font-size: 14pt;\"><strong style=\"text-align: center;\">Anleitung von ehrenamtlichen JugendgruppenleiterInnen.<br \/>\nErziehungs-Beratung<\/strong><\/span><\/span><\/li>\n<\/ul>\n<p>&nbsp;<\/p>\n<ul style=\"list-style-type: square;\">\n<li><span style=\"font-family: verdana,geneva,sans-serif; font-size: 14pt;\"><span style=\"font-family: verdana,geneva,sans-serif; font-size: 14pt;\"><strong style=\"text-align: center;\">20 Jahre Spezialisierung im Bereich von Suchtkrankenhilfe und Sucht-Pr\u00e4vention, <\/strong><strong style=\"text-align: center;\">Beratung und Therapie.<br \/>\n<\/strong><span style=\"text-align: center;\">Ausbildung und Schulung von ehrenamtlichen Suchtkranken-Helfer_innen.<\/span><\/span><\/span><\/li>\n<\/ul>\n<p>&nbsp;<\/p>\n<ul style=\"list-style-type: square;\">\n<li><span style=\"font-family: verdana,geneva,sans-serif; font-size: 14pt;\"><span style=\"font-family: verdana,geneva,sans-serif; font-size: 14pt;\"><span style=\"font-family: verdana,geneva,sans-serif; font-size: 14pt;\"><strong style=\"text-align: center;\">Seit Ausscheiden aus der beruflichen T\u00e4tigkeit biete ich meine Erfahrungen und Kenntnisse<br \/>\n<\/strong><strong style=\"text-align: center;\">unter WEICHEN STELLEN freiberuflich an.<\/strong><\/span><\/span><\/span><\/li>\n<\/ul>\n<p>&nbsp;<\/p>\n<ul style=\"list-style-type: square;\">\n<li><span style=\"font-size: medium;\"><span style=\"font-family: verdana,geneva,sans-serif; font-size: 14pt;\"><span style=\"text-align: center;\"><b>Seit 1966 bin ich regelm\u00e4\u00dfig in Taiz\u00e9 (Frankreich).<\/b><br \/>\n<\/span>Die dort in Stille und Begegnungen gemachten Erfahrungen flie\u00dfen in verschiedene Angebote ein<span style=\"text-align: center;\">.\u00a0 <\/span><\/span><span style=\"text-align: center;\"><span style=\"text-align: center;\"><span style=\"font-family: Georgia;\"><span style=\"font-family: verdana,geneva;\">N\u00e4heres<\/span> <a href=\"http:\/\/www.taize.fr\"><strong><span style=\"font-family: verdana,geneva;\">HIER<\/span><\/strong><\/a><\/span><\/span><\/span><\/span><\/p>\n<hr \/>\n<\/li>\n<\/ul>\n<p style=\"text-align: center;\"><span style=\"text-align: center;\">\u00a0<span style=\"color: #ff0000; font-family: verdana,geneva,sans-serif; font-size: 14pt;\"><strong>JAKOBS-PILGERWEG<\/strong><\/span><\/span><span style=\"text-align: center;\"><br \/>\n<span style=\"font-family: verdana,geneva; font-size: small;\"><span style=\"font-family: verdana,geneva,sans-serif; font-size: 12pt;\"><strong style=\"text-align: center;\">Heute lebe ich mit meiner Frau im Osnabr\u00fccker Land.<\/strong><span style=\"text-align: center;\"><br \/>\n<\/span><\/span><strong style=\"text-align: center;\"><span style=\"font-family: verdana,geneva,sans-serif; font-size: 12pt;\">Wir wohnen am &#8218;Jakobsweg&#8216; &#8211; bitte, gern <a href=\"https:\/\/weltwaldwiesen.de\/weichenstellen\/kontakt\/\">Kontakt<\/a> aufnehmen<\/span>!<\/strong><\/span><\/span><\/p>\n<p><a style=\"text-align: center;\" href=\"https:\/\/weltwaldwiesen.de\/weichenstellen\/wp-content\/uploads\/2013\/09\/P7292655_klein.jpg\"><img loading=\"lazy\" class=\"size-medium wp-image-351 aligncenter\" src=\"https:\/\/weltwaldwiesen.de\/weichenstellen\/wp-content\/uploads\/2013\/09\/P7292655_klein-225x300.jpg\" alt=\"P7292655_klein\" width=\"225\" height=\"300\" srcset=\"https:\/\/www.weltwaldwiesen.de\/weichenstellen\/wp-content\/uploads\/2013\/09\/P7292655_klein-225x300.jpg 225w, https:\/\/www.weltwaldwiesen.de\/weichenstellen\/wp-content\/uploads\/2013\/09\/P7292655_klein.jpg 350w\" sizes=\"(max-width: 225px) 100vw, 225px\" \/><\/a><\/p>\n<hr \/>\n<p style=\"text-align: center;\"><span style=\"text-align: center;\"><span style=\"color: #ff0000; font-family: verdana,geneva,sans-serif; font-size: 14pt;\"><strong>\u00a0\u00a0\u00a0\u00a0\u00a0\u00a0\u00a0\u00a0\u00a0\u00a0\u00a0\u00a0\u00a0\u00a0\u00a0\u00a0\u00a0\u00a0\u00a0 ORT MIT GESCHICHTE<br \/>\n<\/strong><\/span><br \/>\n<\/span><span style=\"font-family: verdana,geneva; font-size: 14pt;\"><span style=\"text-align: center;\">Vor mehr als 2000 Jahren &#8211; im Jahre 9n. Chr. &#8211; soll sich die legend\u00e4re &#8218;Varusschlacht&#8216;, nur wenige Schritte von unserem Wohnort\u00a0entfernt,<\/span><span style=\"text-align: center;\">\u00a0ereignet haben. Grabungen und Untersuchungen best\u00e4tigen das. Anl\u00e4sslich der Erinnerung im Jahre 2009 gab es\u00a0die beispiellose Aktion &#8218;FRIEDENS-ZEICHEN&#8216; statt &#8218;FELD-ZEICHEN&#8216;. Diese Aktion mahnt, dass Herrschafts-Anspr\u00fcche immer zu Kriegen f\u00fchrten\u00a0 und f\u00fchren. So setzten\u00a0R\u00f6mer &#8218;Standarten&#8216; als Zeichen ihres Anspruchs &#8211; die sogenannten &#8218;Feldzeichen&#8216;. Die bei Ausgrabungen gefundene Krieger-Maske wurde bedeutsames Requisit dieser Aktion. Im Jahre 2009\u00a0sind\u00a0Zweitausend dieser\u00a0von Vereinen, Kirchen, Schulen, Firmen und Privatpersonen gestalteten &#8218;Stelen&#8216; f\u00fcr einige Zeit vor dem &#8218;Reichstags-Geb\u00e4ude&#8216; in Berlin als Friedens-Aktion aufgestellt worden.<\/span><\/span><\/p>\n<p style=\"text-align: center;\"><a href=\"https:\/\/weltwaldwiesen.de\/weichenstellen\/wp-content\/uploads\/2013\/09\/P1090830_klein.jpg\"><img loading=\"lazy\" class=\"alignnone size-medium wp-image-349\" src=\"https:\/\/weltwaldwiesen.de\/weichenstellen\/wp-content\/uploads\/2013\/09\/P1090830_klein-225x300.jpg\" alt=\"\" width=\"225\" height=\"300\" srcset=\"https:\/\/www.weltwaldwiesen.de\/weichenstellen\/wp-content\/uploads\/2013\/09\/P1090830_klein-225x300.jpg 225w, https:\/\/www.weltwaldwiesen.de\/weichenstellen\/wp-content\/uploads\/2013\/09\/P1090830_klein.jpg 350w\" sizes=\"(max-width: 225px) 100vw, 225px\" \/><\/a><\/p>\n<p style=\"text-align: left;\"><span style=\"font-family: verdana,geneva,sans-serif; font-size: 14pt;\">Heute finden sie sich im weiten Umfeld des &#8218;Museums&#8216;<span style=\"color: #ff0000;\"><strong>*<\/strong> <\/span>in Orten, auf Pl\u00e4tzen und G\u00e4rten &#8230;.<\/span><\/p>\n<p style=\"text-align: left;\"><span style=\"font-family: verdana,geneva,sans-serif; font-size: 14pt;\">Auch an unserem Wohnhaus hat eine solche Stele, von Familie und Freunden im Jahre 2019 gestaltet,\u00a0ihren Platz gefunden. Thema ist die &#8218;Jahres-Losung&#8216; (<em>Sucht den Frieden und jagt ihm nach <span style=\"color: #ff0000;\">**<\/span><\/em>).<\/span><\/p>\n<p><a href=\"https:\/\/weltwaldwiesen.de\/weichenstellen\/wp-content\/uploads\/2019\/07\/DSC_0253.jpgklein.jpg\"><img loading=\"lazy\" class=\"size-medium wp-image-8411 aligncenter\" src=\"https:\/\/weltwaldwiesen.de\/weichenstellen\/wp-content\/uploads\/2019\/07\/DSC_0253.jpgklein-200x300.jpg\" alt=\"\" width=\"200\" height=\"300\" srcset=\"https:\/\/www.weltwaldwiesen.de\/weichenstellen\/wp-content\/uploads\/2019\/07\/DSC_0253.jpgklein-200x300.jpg 200w, https:\/\/www.weltwaldwiesen.de\/weichenstellen\/wp-content\/uploads\/2019\/07\/DSC_0253.jpgklein.jpg 450w\" sizes=\"(max-width: 200px) 100vw, 200px\" \/><\/a><\/p>\n<p><span style=\"font-family: verdana,geneva,sans-serif;\">Die K\u00fcnstler haben entschieden, das &#8218;Suchen&#8216; besonders hervorzuheben, indem der Betrachter das Wort <em>&#8218;Sucht&#8216; &#8230;\u00a0<\/em> im Gewirr der Impulse suchen muss. Friedens-Suche <span style=\"color: #ff0000;\"><strong>*** <\/strong><\/span>braucht Bewusstsein!\u00a0Auf der runden Scheibe ist die &#8218;Welt&#8216; umgeben von den unterschiedlichen\u00a0Begriffen des Wortes &#8218;Frieden&#8216; abgebildet. Die Maske selbst scheint in die Weite zu schauen und\u00a0 tr\u00e4gt die Farben des &#8218;Gro\u00dfen und Ganzen&#8216; &#8230;<\/span><\/p>\n<p><span style=\"font-family: verdana,geneva,sans-serif;\"><span style=\"color: #ff0000; font-size: 14pt;\">*<\/span>\u00a0<\/span>\u00a0\u00a0\u00a0\u00a0 <span style=\"font-family: verdana,geneva,sans-serif;\"><a href=\"http:\/\/www.kalkriese-varusschlacht.de\/\">MUSEUM KALKRIESE<\/a><\/span><\/p>\n<p><span style=\"color: #ff0000;\"><span style=\"font-family: verdana,geneva,sans-serif;\"><strong><span style=\"font-size: 14pt;\">**<\/span><\/strong><span style=\"font-size: 14pt;\">\u00a0 <\/span><\/span><span style=\"font-family: verdana,geneva,sans-serif; font-size: 12pt;\"><a href=\"https:\/\/weltwaldwiesen.de\/weichenstellen\/jagd-revier\/\">JAGD-<\/a><a href=\"https:\/\/weltwaldwiesen.de\/weichenstellen\/jagd-revier\/\">REVIER<\/a><\/span><\/span><\/p>\n<p><span style=\"font-family: verdana,geneva,sans-serif;\"><strong>***<\/strong> <\/span><a href=\"https:\/\/weltwaldwiesen.de\/weichenstellen\/friedens-gebet\/\"><span style=\"font-family: verdana,geneva,sans-serif; font-size: 12pt;\"><span style=\"color: #000000;\">FRIEDENS-GEBET<\/span><\/span><\/a><strong><span style=\"font-size: 14pt;\"><br \/>\n<\/span><\/strong><\/p>\n<p style=\"text-align: center;\"><span style=\"color: #ff0000; font-family: verdana,geneva,sans-serif; font-size: 14pt;\">\u00a0<a title=\"Beitr\u00e4ge\" href=\"https:\/\/weltwaldwiesen.de\/weichenstellen\/beitraege\/\">\u00a0<\/a><a title=\"Kontakt\" href=\"https:\/\/weltwaldwiesen.de\/weichenstellen\/kontakt\/\"><strong>KONTAKT<\/strong><\/a><\/span><\/p>\n<hr \/>\n<p style=\"text-align: center;\"><span style=\"color: #ff0000;\">&#x2665;&#x2665;&#x2665;&#x2665;&#x2665;&#x2665;&#x2665;&#x2665;&#x2665;&#x2665;&#x2665;&#x2665;&#x2665;&#x2665;&#x2665;&#x2665;&#x2665;&#x2665;&#x2665;&#x2665;&#x2665;&#x2665;&#x2665;&#x2665;&#x2665;&#x2665;&#x2665;&#x2665;&#x2665;&#x2665;&#x2665;&#x2665;&#x2665;&#x2665;&#x2665;&#x2665;&#x2665;&#x2665;&#x2665;&#x2665;&#x2665;&#x2665;&#x2665;&#x2665;&#x2665;&#x2665;&#x2665;&#x2665;&#x2665;&#x2665;<\/span><\/p>\n<p style=\"text-align: center;\"><strong><span style=\"font-size: 18pt; font-family: verdana, geneva, sans-serif;\">HERZ-LICHES<\/span><br \/>\n<em><a href=\"https:\/\/weltwaldwiesen.de\/weichenstellen\/herz-liches\/\"><span style=\"font-size: 14pt; font-family: verdana, geneva, sans-serif;\">Ereignisse mit Ein-Sicht<\/span><\/a><\/em><\/strong><\/p>\n<p style=\"text-align: center;\"><span style=\"color: #ff0000;\">&#x2665;&#x2665;&#x2665;&#x2665;&#x2665;&#x2665;&#x2665;&#x2665;&#x2665;&#x2665;&#x2665;&#x2665;&#x2665;&#x2665;&#x2665;&#x2665;&#x2665;&#x2665;&#x2665;&#x2665;&#x2665;&#x2665;&#x2665;&#x2665;&#x2665;&#x2665;&#x2665;&#x2665;&#x2665;&#x2665;&#x2665;&#x2665;&#x2665;&#x2665;&#x2665;&#x2665;&#x2665;&#x2665;&#x2665;&#x2665;&#x2665;&#x2665;&#x2665;&#x2665;&#x2665;&#x2665;&#x2665;&#x2665;&#x2665;&#x2665;<\/span><\/p>\n<p style=\"text-align: center;\"><strong><span style=\"font-size: 18pt; font-family: verdana, geneva, sans-serif;\">ICH HABE 2018 MEINEN 80. GEBURTSTAG GEFEIERT<\/span><br \/>\n<\/strong><span style=\"font-size: 14pt; font-family: verdana, geneva, sans-serif;\"><strong>Interessierte k\u00f6nnen<\/strong> <a href=\"https:\/\/weltwaldwiesen.de\/weichenstellen\/mein-achtzigster\/\"><strong>HIER <\/strong><\/a><strong>\u00a0mehr erfahren &#8230;<br \/>\n<\/strong><\/span><\/p>\n<hr \/>\n<p style=\"text-align: center;\"><span style=\"font-size: 24pt;\"><a title=\"Was biete ich an?\" href=\"https:\/\/weltwaldwiesen.de\/weichenstellen\/mein-selbstverstaendnis\/wer-bin-ich\/was-biete-ich-an\/\"><strong><span style=\"font-family: Verdana;\">DAS\u00a0ANGEBOT<\/span><\/strong><\/a><\/span><\/p>\n<p style=\"text-align: center;\"><span style=\"font-family: verdana,geneva; font-size: 14pt;\"><strong>WEICHEN STELLEN<\/strong> geht davon aus, dass unser Leben niemals gradlinig verl\u00e4uft.<br \/>\nUnser Leben ist &#8222;im Fluss&#8220; und unterliegt Einfl\u00fcssen, die den Lebensgang ver\u00e4ndern.<br \/>\nManchmal bedarf es der &#8222;Kurs&#8220;-Korrektur.<br \/>\n<a href=\"https:\/\/weltwaldwiesen.de\/weichenstellen\/mein-selbstverstaendnis\/wer-bin-ich\/was-biete-ich-an\/\"><strong>w<span style=\"font-family: verdana,geneva;\">eiter &#8230;<\/span><\/strong><\/a><\/span><\/p>\n<hr \/>\n<p style=\"text-align: center;\"><span style=\"font-family: verdana,geneva; font-size: medium;\"><span style=\"text-align: center;\"><a href=\"https:\/\/www.weichenstellen.de\/blog\/mein-selbstverstaendnis\/\"><strong><span style=\"font-size: 18pt;\"><span style=\"font-size: 24pt;\">WAS ICH UNTER &#8218;GOTT&#8216; VERSTEHE<\/span><\/span><\/strong><\/a><br \/>\n<\/span><\/span><\/p>\n<p style=\"text-align: center;\"><span style=\"font-family: verdana,geneva; font-size: 14pt;\">Auf den Seiten meiner Homepage taucht der Begriff &#8218;Gott&#8216; in unterschiedlichen Zusammenh\u00e4ngen auf.<\/span><br \/>\n<span style=\"font-family: verdana,geneva; font-size: 14pt;\"> Jesus sprach vom &#8218;Vater&#8216; (hebr.&#8217;Abba&#8216;) und dr\u00fcckte damit seine Beziehung aus.<\/span><br \/>\n<span style=\"font-family: verdana,geneva; font-size: 14pt;\"> Viele andere Ausdrucksformen finden sich in der Bibel und in anderen Traditionen.<\/span><\/p>\n<p style=\"text-align: center;\"><span style=\"font-family: verdana,geneva; font-size: 14pt;\">Daher setze ich diesen Begriff in &#8218;Anf\u00fchrungszeichen&#8216;,<\/span>\u00a0 &#8230;.<br \/>\n<span style=\"font-family: verdana,geneva,sans-serif; font-size: 14pt;\"><strong><a href=\"https:\/\/weltwaldwiesen.de\/weichenstellen\/mein-selbstverstaendnis\/\">weiter &#8230;<\/a><\/strong><\/span><\/p>\n<hr \/>\n<p style=\"text-align: center;\">\n","protected":false},"excerpt":{"rendered":"<p>\u00a0 VORSTELLUNG &#8211;\u00a0 ANGEBOT &#8211; SELBSTVERST\u00c4NDNIS Jan-Peter Wilckens, geb.1938 Diakon und Dipl.Soz.P\u00e4d. jp-wilckens@t-online.de KONTAKT Ausbildung in der Evangelischen Hochschulef\u00fcr soziale Arbeit &amp; Diakonie des Rauhen Hauses Hamburg. Als eingesegneter Diakon Mitglied der &#8222;Br\u00fcder- und Schwesternschaft des Rauhen Hauses&#8220;. Aus dem &#8222;Leitbild&#8220; Wir sind eine Gemeinschaft von Br\u00fcdern und Schwestern in der Nachfolge Jesu Christi.\u00a0 Wir\u2026 <span class=\"read-more\"><a href=\"https:\/\/www.weltwaldwiesen.de\/weichenstellen\/mein-selbstverstaendnis\/wer-bin-ich\/\">Weiterlesen &raquo;<\/a><\/span><\/p>\n","protected":false},"author":1,"featured_media":0,"parent":296,"menu_order":3,"comment_status":"closed","ping_status":"closed","template":"page-templates\/full-width.php","meta":{"spay_email":""},"jetpack_shortlink":"https:\/\/wp.me\/P3UvYh-20","jetpack_sharing_enabled":true,"_links":{"self":[{"href":"https:\/\/www.weltwaldwiesen.de\/weichenstellen\/wp-json\/wp\/v2\/pages\/124"}],"collection":[{"href":"https:\/\/www.weltwaldwiesen.de\/weichenstellen\/wp-json\/wp\/v2\/pages"}],"about":[{"href":"https:\/\/www.weltwaldwiesen.de\/weichenstellen\/wp-json\/wp\/v2\/types\/page"}],"author":[{"embeddable":true,"href":"https:\/\/www.weltwaldwiesen.de\/weichenstellen\/wp-json\/wp\/v2\/users\/1"}],"replies":[{"embeddable":true,"href":"https:\/\/www.weltwaldwiesen.de\/weichenstellen\/wp-json\/wp\/v2\/comments?post=124"}],"version-history":[{"count":26,"href":"https:\/\/www.weltwaldwiesen.de\/weichenstellen\/wp-json\/wp\/v2\/pages\/124\/revisions"}],"predecessor-version":[{"id":10888,"href":"https:\/\/www.weltwaldwiesen.de\/weichenstellen\/wp-json\/wp\/v2\/pages\/124\/revisions\/10888"}],"up":[{"embeddable":true,"href":"https:\/\/www.weltwaldwiesen.de\/weichenstellen\/wp-json\/wp\/v2\/pages\/296"}],"wp:attachment":[{"href":"https:\/\/www.weltwaldwiesen.de\/weichenstellen\/wp-json\/wp\/v2\/media?parent=124"}],"curies":[{"name":"wp","href":"https:\/\/api.w.org\/{rel}","templated":true}]}}